{"id":5063,"date":"2022-01-14T22:01:44","date_gmt":"2022-01-14T21:01:44","guid":{"rendered":"https:\/\/asdgroup.ba\/job-openings\/"},"modified":"2022-01-15T09:04:23","modified_gmt":"2022-01-15T08:04:23","slug":"job-openings","status":"publish","type":"page","link":"http:\/\/asdgroup.ba\/en\/job-openings\/","title":{"rendered":"Job"},"content":{"rendered":"\t<div class=\"awsm-job-wrap\">\n\n\t\t<div class=\"awsm-filter-wrap\"><form action=\"http:\/\/asdgroup.ba\/wp-admin\/admin-ajax.php\" method=\"POST\"><div class=\"awsm-filter-item-search\"><div class=\"awsm-filter-item-search-in\"><label for=\"awsm-jq-1\" class=\"awsm-sr-only\">Search<\/label><input type=\"text\" id=\"awsm-jq-1\" name=\"jq\" value=\"\" placeholder=\"Search\" class=\"awsm-job-search awsm-job-form-control\"><span class=\"awsm-job-search-btn awsm-job-search-icon-wrapper\"><i class=\"awsm-job-icon-search\"><\/i><\/span><span class=\"awsm-job-search-close-btn awsm-job-search-icon-wrapper awsm-job-hide\"><i class=\"awsm-job-icon-close-circle\"><\/i><\/span><\/div><\/div><a href=\"#\" class=\"awsm-filter-toggle\" role=\"button\" aria-pressed=\"false\"><span class=\"awsm-filter-toggle-text-wrapper awsm-sr-only\">Filter by<\/span><svg width=\"100\" height=\"100\" viewBox=\"0 0 100 100\" xmlns=\"http:\/\/www.w3.org\/2000\/svg\" version=\"1.1\" preserveAspectRatio=\"xMinYMin\"><path xmlns=\"http:\/\/www.w3.org\/2000\/svg\" fill=\"rgb(9.803922%,9.803922%,9.803922%)\" d=\"M 36.417969 19.9375 L 36.417969 17.265625 C 36.417969 16.160156 35.523438 15.265625 34.417969 15.265625 L 21.578125 15.265625 C 20.476562 15.265625 19.578125 16.160156 19.578125 17.265625 L 19.578125 19.9375 L 11 19.9375 L 11 26.9375 L 19.578125 26.9375 L 19.578125 30.105469 C 19.578125 31.210938 20.476562 32.105469 21.578125 32.105469 L 34.417969 32.105469 C 35.523438 32.105469 36.417969 31.210938 36.417969 30.105469 L 36.417969 26.9375 L 89 26.9375 L 89 19.9375 Z M 58.421875 43.578125 C 58.421875 42.476562 57.527344 41.578125 56.421875 41.578125 L 43.582031 41.578125 C 42.480469 41.578125 41.582031 42.476562 41.582031 43.578125 L 41.582031 46.5 L 11 46.5 L 11 53.5 L 41.582031 53.5 L 41.582031 56.421875 C 41.582031 57.527344 42.480469 58.421875 43.582031 58.421875 L 56.421875 58.421875 C 57.527344 58.421875 58.421875 57.527344 58.421875 56.421875 L 58.421875 53.5 L 89 53.5 L 89 46.5 L 58.421875 46.5 Z M 80.417969 70.140625 C 80.417969 69.035156 79.523438 68.140625 78.417969 68.140625 L 65.578125 68.140625 C 64.476562 68.140625 63.578125 69.035156 63.578125 70.140625 L 63.578125 73.0625 L 11 73.0625 L 11 80.0625 L 63.578125 80.0625 L 63.578125 82.984375 C 63.578125 84.085938 64.476562 84.984375 65.578125 84.984375 L 78.417969 84.984375 C 79.523438 84.984375 80.417969 84.085938 80.417969 82.984375 L 80.417969 80.0625 L 89 80.0625 L 89 73.0625 L 80.417969 73.0625 Z M 80.417969 70.140625\"\/><\/svg><\/a><div class=\"awsm-filter-items\"><div class=\"awsm-filter-item\" data-filter=\"job__category_spec\"><label for=\"awsm-job-category-filter-option-1\" class=\"awsm-sr-only\">All Kategorija<\/label><select name=\"awsm_job_spec[job-category]\" class=\"awsm-filter-option awsm-job-category-filter-option\" id=\"awsm-job-category-filter-option-1\" aria-label=\"All Kategorija\"><option value=\"\">All Kategorija<\/option><option value=\"96\" data-slug=\"vozac\">Voza\u010d<\/option><\/select><\/div><div class=\"awsm-filter-item\" data-filter=\"job__type_spec\"><label for=\"awsm-job-type-filter-option-1\" class=\"awsm-sr-only\">All Tip<\/label><select name=\"awsm_job_spec[job-type]\" class=\"awsm-filter-option awsm-job-type-filter-option\" id=\"awsm-job-type-filter-option-1\" aria-label=\"All Tip\"><option value=\"\">All Tip<\/option><option value=\"80\" data-slug=\"full-time\">Full Time<\/option><\/select><\/div><div class=\"awsm-filter-item\" data-filter=\"job__location_spec\"><label for=\"awsm-job-location-filter-option-1\" class=\"awsm-sr-only\">All Lokacija<\/label><select name=\"awsm_job_spec[job-location]\" class=\"awsm-filter-option awsm-job-location-filter-option\" id=\"awsm-job-location-filter-option-1\" aria-label=\"All Lokacija\"><option value=\"\">All Lokacija<\/option><option value=\"85\" data-slug=\"asd-group-lukavac\">ASD Group Lukavac<\/option><\/select><\/div><\/div><input type=\"hidden\" name=\"action\" value=\"jobfilter\"><\/form><\/div>\n\t\t<div class=\"awsm-job-listings awsm-row awsm-grid-col-2\" data-listings=\"10\">\n\t\t\t\t\t<div class=\"awsm-job-listing-item awsm-grid-item\" id=\"awsm-grid-item-5217\">\t\t<a href=\"http:\/\/asdgroup.ba\/en\/jobs\/vozac-2\/\" class=\"awsm-job-item\">\t\t\t<div class=\"awsm-grid-left-col\">\n\t\t\t\t\n\t\t\t\t\n\t\t\t\t<h2 class=\"awsm-job-post-title\">\n\t\t\t\t\tVoza\u010d\t\t\t\t<\/h2>\n\n\t\t\t\t\t\t\t<\/div>\n\n\t\t\t<div class=\"awsm-grid-right-col\">\n\t\t\t\t<div class=\"awsm-job-specification-wrapper\"><div class=\"awsm-job-specification-item awsm-job-specification-job-category\"><span class=\"awsm-job-specification-term\">Voza\u010d<\/span> <\/div><div class=\"awsm-job-specification-item awsm-job-specification-job-type\"><span class=\"awsm-job-specification-term\">Full Time<\/span> <\/div><div class=\"awsm-job-specification-item awsm-job-specification-job-location\"><span class=\"awsm-job-specification-term\">ASD Group Lukavac<\/span> <\/div><\/div><div class=\"awsm-job-more-container\"><span class=\"awsm-job-more\">More Details <span><\/span><\/span><\/div>\t\t\t<\/div>\n\t\t<\/a>\t<\/div><div class=\"awsm-job-listing-item awsm-job-expired-item awsm-grid-item\" id=\"awsm-grid-item-5215\">\t\t<a href=\"http:\/\/asdgroup.ba\/en\/?post_type=awsm_job_openings&#038;p=5215\" class=\"awsm-job-item\">\t\t\t<div class=\"awsm-grid-left-col\">\n\t\t\t\t\n\t\t\t\t\n\t\t\t\t<h2 class=\"awsm-job-post-title\">\n\t\t\t\t\tMenad\u017eer prodaje \/ Sales manager\t\t\t\t<\/h2>\n\n\t\t\t\t\t\t\t<\/div>\n\n\t\t\t<div class=\"awsm-grid-right-col\">\n\t\t\t\t<div class=\"awsm-job-specification-wrapper\"><div class=\"awsm-job-specification-item awsm-job-specification-job-category\"><span class=\"awsm-job-specification-term\">Menad\u017eer prodaje<\/span> <\/div><div class=\"awsm-job-specification-item awsm-job-specification-job-type\"><span class=\"awsm-job-specification-term\">Puno radno vrijeme<\/span> <\/div><div class=\"awsm-job-specification-item awsm-job-specification-job-location\"><span class=\"awsm-job-specification-term\">ASD Group Lukavac<\/span> <\/div><\/div><div class=\"awsm-job-more-container\"><span class=\"awsm-job-more\">More Details <span><\/span><\/span><\/div>\t\t\t<\/div>\n\t\t<\/a>\t<\/div>\t\t\t\t<\/div>\n\t<\/div>\n\n","protected":false},"excerpt":{"rendered":"<div class=\"pvc_clear\"><\/div>\n<p id=\"pvc_stats_5215\" class=\"pvc_stats all\" data-element-id=\"5215\" style=\"\"><i class=\"pvc-stats-icon medium\" aria-hidden=\"true\"><svg xmlns=\"http:\/\/www.w3.org\/2000\/svg\" version=\"1.0\" viewbox=\"0 0 502 315\" preserveaspectratio=\"xMidYMid meet\"><g transform=\"translate(0,332) scale(0.1,-0.1)\" fill=\"\" stroke=\"none\"><path d=\"M2394 3279 l-29 -30 -3 -207 c-2 -182 0 -211 15 -242 39 -76 157 -76 196 0 15 31 17 60 15 243 l-3 209 -33 29 c-26 23 -41 29 -80 29 -41 0 -53 -5 -78 -31z\"\/><path d=\"M3085 3251 c-45 -19 -58 -50 -96 -229 -47 -217 -49 -260 -13 -295 52 -53 146 -42 177 20 16 31 87 366 87 410 0 70 -86 122 -155 94z\"\/><path d=\"M1751 3234 c-13 -9 -29 -31 -37 -50 -12 -29 -10 -49 21 -204 19 -94 39 -189 45 -210 14 -50 54 -80 110 -80 34 0 48 6 76 34 21 21 34 44 34 59 0 14 -18 113 -40 219 -37 178 -43 195 -70 221 -36 32 -101 37 -139 11z\"\/><path d=\"M1163 3073 c-36 -7 -73 -59 -73 -102 0 -56 133 -378 171 -413 34 -32 83 -37 129 -13 70 36 67 87 -16 290 -86 209 -89 214 -129 231 -35 14 -42 15 -82 7z\"\/><path d=\"M3689 3066 c-15 -9 -33 -30 -42 -48 -48 -103 -147 -355 -147 -375 0 -98 131 -148 192 -74 13 15 57 108 97 206 80 196 84 226 37 273 -30 30 -99 39 -137 18z\"\/><path d=\"M583 2784 c-38 -19 -67 -74 -58 -113 9 -42 211 -354 242 -373 16 -10 45 -18 66 -18 51 0 107 52 107 100 0 39 -1 41 -124 234 -80 126 -108 162 -133 173 -41 17 -61 16 -100 -3z\"\/><path d=\"M4250 2784 c-14 -9 -74 -91 -133 -183 -95 -150 -107 -173 -107 -213 0 -55 33 -94 87 -104 67 -13 90 8 211 198 130 202 137 225 78 284 -27 27 -42 34 -72 34 -22 0 -50 -8 -64 -16z\"\/><path d=\"M2275 2693 c-553 -48 -1095 -270 -1585 -649 -135 -104 -459 -423 -483 -476 -23 -49 -22 -139 2 -186 73 -142 361 -457 571 -626 285 -228 642 -407 990 -497 242 -63 336 -73 660 -74 310 0 370 5 595 52 535 111 1045 392 1455 803 122 121 250 273 275 326 19 41 19 137 0 174 -41 79 -309 363 -465 492 -447 370 -946 591 -1479 653 -113 14 -422 18 -536 8z m395 -428 c171 -34 330 -124 456 -258 112 -119 167 -219 211 -378 27 -96 24 -300 -5 -401 -72 -255 -236 -447 -474 -557 -132 -62 -201 -76 -368 -76 -167 0 -236 14 -368 76 -213 98 -373 271 -451 485 -162 444 86 934 547 1084 153 49 292 57 452 25z m909 -232 c222 -123 408 -262 593 -441 76 -74 138 -139 138 -144 0 -16 -233 -242 -330 -319 -155 -123 -309 -223 -461 -299 l-81 -41 32 46 c18 26 49 83 70 128 143 306 141 649 -6 957 -25 52 -61 116 -79 142 l-34 47 45 -20 c26 -10 76 -36 113 -56z m-2057 25 c-40 -58 -105 -190 -130 -263 -110 -324 -59 -707 132 -981 25 -35 42 -64 37 -64 -19 0 -241 119 -326 174 -188 122 -406 314 -532 468 l-58 71 108 103 c185 178 428 349 672 473 66 33 121 60 123 61 2 0 -10 -19 -26 -42z\"\/><path d=\"M2375 1950 c-198 -44 -350 -190 -395 -379 -18 -76 -8 -221 19 -290 114 -284 457 -406 731 -260 98 52 188 154 231 260 27 69 37 214 19 290 -38 163 -166 304 -326 360 -67 23 -215 33 -279 19z\"\/><\/g><\/svg><\/i> <img loading=\"lazy\" decoding=\"async\" width=\"16\" height=\"16\" alt=\"Loading\" src=\"http:\/\/asdgroup.ba\/wp-content\/plugins\/page-views-count\/ajax-loader-2x.gif\" border=\"0\" \/><\/p>\n<div class=\"pvc_clear\"><\/div>","protected":false},"author":2,"featured_media":5048,"parent":0,"menu_order":0,"comment_status":"closed","ping_status":"closed","template":"","meta":{"_monsterinsights_skip_tracking":false,"_monsterinsights_sitenote_active":false,"_monsterinsights_sitenote_note":"","_monsterinsights_sitenote_category":0,"footnotes":"","_links_to":"","_links_to_target":""},"class_list":["post-5063","page","type-page","status-publish","has-post-thumbnail","hentry"],"yoast_head":"<!-- This site is optimized with the Yoast SEO plugin v27.3 - https:\/\/yoast.com\/product\/yoast-seo-wordpress\/ -->\n<title>Posao - ASD GROUP D.O.O. ADRIATIC STEEL DISTRIBUTION<\/title>\n<meta name=\"robots\" content=\"index, follow, max-snippet:-1, max-image-preview:large, max-video-preview:-1\" \/>\n<link rel=\"canonical\" href=\"https:\/\/asdgroup.ba\/en\/job-openings\/\" \/>\n<meta property=\"og:locale\" content=\"en_US\" \/>\n<meta property=\"og:type\" content=\"article\" \/>\n<meta property=\"og:title\" content=\"Posao - ASD GROUP D.O.O. ADRIATIC STEEL DISTRIBUTION\" \/>\n<meta property=\"og:url\" content=\"https:\/\/asdgroup.ba\/en\/job-openings\/\" \/>\n<meta property=\"og:site_name\" content=\"ASD GROUP D.O.O. ADRIATIC STEEL DISTRIBUTION\" \/>\n<meta property=\"article:modified_time\" content=\"2022-01-15T08:04:23+00:00\" \/>\n<meta property=\"og:image\" content=\"https:\/\/asdgroup.ba\/wp-content\/uploads\/2022\/01\/asd-group-zgrada-1600x1080-1.jpg\" \/>\n\t<meta property=\"og:image:width\" content=\"1600\" \/>\n\t<meta property=\"og:image:height\" content=\"1081\" \/>\n\t<meta property=\"og:image:type\" content=\"image\/jpeg\" \/>\n<meta name=\"twitter:card\" content=\"summary_large_image\" \/>\n<script type=\"application\/ld+json\" class=\"yoast-schema-graph\">{\"@context\":\"https:\\\/\\\/schema.org\",\"@graph\":[{\"@type\":\"WebPage\",\"@id\":\"https:\\\/\\\/asdgroup.ba\\\/en\\\/job-openings\\\/\",\"url\":\"https:\\\/\\\/asdgroup.ba\\\/en\\\/job-openings\\\/\",\"name\":\"Posao - ASD GROUP D.O.O. ADRIATIC STEEL DISTRIBUTION\",\"isPartOf\":{\"@id\":\"https:\\\/\\\/asdgroup.ba\\\/#website\"},\"primaryImageOfPage\":{\"@id\":\"https:\\\/\\\/asdgroup.ba\\\/en\\\/job-openings\\\/#primaryimage\"},\"image\":{\"@id\":\"https:\\\/\\\/asdgroup.ba\\\/en\\\/job-openings\\\/#primaryimage\"},\"thumbnailUrl\":\"https:\\\/\\\/asdgroup.ba\\\/wp-content\\\/uploads\\\/2022\\\/01\\\/asd-group-zgrada-1600x1080-1.jpg\",\"datePublished\":\"2022-01-14T21:01:44+00:00\",\"dateModified\":\"2022-01-15T08:04:23+00:00\",\"breadcrumb\":{\"@id\":\"https:\\\/\\\/asdgroup.ba\\\/en\\\/job-openings\\\/#breadcrumb\"},\"inLanguage\":\"en-US\",\"potentialAction\":[{\"@type\":\"ReadAction\",\"target\":[\"https:\\\/\\\/asdgroup.ba\\\/en\\\/job-openings\\\/\"]}]},{\"@type\":\"ImageObject\",\"inLanguage\":\"en-US\",\"@id\":\"https:\\\/\\\/asdgroup.ba\\\/en\\\/job-openings\\\/#primaryimage\",\"url\":\"https:\\\/\\\/asdgroup.ba\\\/wp-content\\\/uploads\\\/2022\\\/01\\\/asd-group-zgrada-1600x1080-1.jpg\",\"contentUrl\":\"https:\\\/\\\/asdgroup.ba\\\/wp-content\\\/uploads\\\/2022\\\/01\\\/asd-group-zgrada-1600x1080-1.jpg\",\"width\":1600,\"height\":1081,\"caption\":\"asd group zgrada 1600x1080 1\"},{\"@type\":\"BreadcrumbList\",\"@id\":\"https:\\\/\\\/asdgroup.ba\\\/en\\\/job-openings\\\/#breadcrumb\",\"itemListElement\":[{\"@type\":\"ListItem\",\"position\":1,\"name\":\"Home\",\"item\":\"https:\\\/\\\/asdgroup.ba\\\/\"},{\"@type\":\"ListItem\",\"position\":2,\"name\":\"Posao\"}]},{\"@type\":\"WebSite\",\"@id\":\"https:\\\/\\\/asdgroup.ba\\\/#website\",\"url\":\"https:\\\/\\\/asdgroup.ba\\\/\",\"name\":\"ASD GROUP D.O.O. ADRIATIC STEEL DISTRIBUTION\",\"description\":\"Prodaja i distribucija \u010delika. Trgovina i distribucija proizvoda crne i obojene metalurgije. Cijevi, Profili, Nosa\u010di, Limovi, \u010celik.\",\"publisher\":{\"@id\":\"https:\\\/\\\/asdgroup.ba\\\/#organization\"},\"potentialAction\":[{\"@type\":\"SearchAction\",\"target\":{\"@type\":\"EntryPoint\",\"urlTemplate\":\"https:\\\/\\\/asdgroup.ba\\\/?s={search_term_string}\"},\"query-input\":{\"@type\":\"PropertyValueSpecification\",\"valueRequired\":true,\"valueName\":\"search_term_string\"}}],\"inLanguage\":\"en-US\"},{\"@type\":\"Organization\",\"@id\":\"https:\\\/\\\/asdgroup.ba\\\/#organization\",\"name\":\"ASD GROUP D.O.O. ADRIATIC STEEL DISTRIBUTION\",\"url\":\"https:\\\/\\\/asdgroup.ba\\\/\",\"logo\":{\"@type\":\"ImageObject\",\"inLanguage\":\"en-US\",\"@id\":\"https:\\\/\\\/asdgroup.ba\\\/#\\\/schema\\\/logo\\\/image\\\/\",\"url\":\"https:\\\/\\\/asdgroup.ba\\\/wp-content\\\/uploads\\\/2016\\\/11\\\/ad_group_logo-removebg.png\",\"contentUrl\":\"https:\\\/\\\/asdgroup.ba\\\/wp-content\\\/uploads\\\/2016\\\/11\\\/ad_group_logo-removebg.png\",\"width\":1310,\"height\":884,\"caption\":\"ASD GROUP D.O.O. ADRIATIC STEEL DISTRIBUTION\"},\"image\":{\"@id\":\"https:\\\/\\\/asdgroup.ba\\\/#\\\/schema\\\/logo\\\/image\\\/\"}}]}<\/script>\n<!-- \/ Yoast SEO plugin. -->","yoast_head_json":{"title":"Posao - ASD GROUP D.O.O. ADRIATIC STEEL DISTRIBUTION","robots":{"index":"index","follow":"follow","max-snippet":"max-snippet:-1","max-image-preview":"max-image-preview:large","max-video-preview":"max-video-preview:-1"},"canonical":"https:\/\/asdgroup.ba\/en\/job-openings\/","og_locale":"en_US","og_type":"article","og_title":"Posao - ASD GROUP D.O.O. ADRIATIC STEEL DISTRIBUTION","og_url":"https:\/\/asdgroup.ba\/en\/job-openings\/","og_site_name":"ASD GROUP D.O.O. ADRIATIC STEEL DISTRIBUTION","article_modified_time":"2022-01-15T08:04:23+00:00","og_image":[{"width":1600,"height":1081,"url":"https:\/\/asdgroup.ba\/wp-content\/uploads\/2022\/01\/asd-group-zgrada-1600x1080-1.jpg","type":"image\/jpeg"}],"twitter_card":"summary_large_image","schema":{"@context":"https:\/\/schema.org","@graph":[{"@type":"WebPage","@id":"https:\/\/asdgroup.ba\/en\/job-openings\/","url":"https:\/\/asdgroup.ba\/en\/job-openings\/","name":"Posao - ASD GROUP D.O.O. ADRIATIC STEEL DISTRIBUTION","isPartOf":{"@id":"https:\/\/asdgroup.ba\/#website"},"primaryImageOfPage":{"@id":"https:\/\/asdgroup.ba\/en\/job-openings\/#primaryimage"},"image":{"@id":"https:\/\/asdgroup.ba\/en\/job-openings\/#primaryimage"},"thumbnailUrl":"https:\/\/asdgroup.ba\/wp-content\/uploads\/2022\/01\/asd-group-zgrada-1600x1080-1.jpg","datePublished":"2022-01-14T21:01:44+00:00","dateModified":"2022-01-15T08:04:23+00:00","breadcrumb":{"@id":"https:\/\/asdgroup.ba\/en\/job-openings\/#breadcrumb"},"inLanguage":"en-US","potentialAction":[{"@type":"ReadAction","target":["https:\/\/asdgroup.ba\/en\/job-openings\/"]}]},{"@type":"ImageObject","inLanguage":"en-US","@id":"https:\/\/asdgroup.ba\/en\/job-openings\/#primaryimage","url":"https:\/\/asdgroup.ba\/wp-content\/uploads\/2022\/01\/asd-group-zgrada-1600x1080-1.jpg","contentUrl":"https:\/\/asdgroup.ba\/wp-content\/uploads\/2022\/01\/asd-group-zgrada-1600x1080-1.jpg","width":1600,"height":1081,"caption":"asd group zgrada 1600x1080 1"},{"@type":"BreadcrumbList","@id":"https:\/\/asdgroup.ba\/en\/job-openings\/#breadcrumb","itemListElement":[{"@type":"ListItem","position":1,"name":"Home","item":"https:\/\/asdgroup.ba\/"},{"@type":"ListItem","position":2,"name":"Posao"}]},{"@type":"WebSite","@id":"https:\/\/asdgroup.ba\/#website","url":"https:\/\/asdgroup.ba\/","name":"ASD GROUP D.O.O. ADRIATIC STEEL DISTRIBUTION","description":"Prodaja i distribucija \u010delika. Trgovina i distribucija proizvoda crne i obojene metalurgije. Cijevi, Profili, Nosa\u010di, Limovi, \u010celik.","publisher":{"@id":"https:\/\/asdgroup.ba\/#organization"},"potentialAction":[{"@type":"SearchAction","target":{"@type":"EntryPoint","urlTemplate":"https:\/\/asdgroup.ba\/?s={search_term_string}"},"query-input":{"@type":"PropertyValueSpecification","valueRequired":true,"valueName":"search_term_string"}}],"inLanguage":"en-US"},{"@type":"Organization","@id":"https:\/\/asdgroup.ba\/#organization","name":"ASD GROUP D.O.O. ADRIATIC STEEL DISTRIBUTION","url":"https:\/\/asdgroup.ba\/","logo":{"@type":"ImageObject","inLanguage":"en-US","@id":"https:\/\/asdgroup.ba\/#\/schema\/logo\/image\/","url":"https:\/\/asdgroup.ba\/wp-content\/uploads\/2016\/11\/ad_group_logo-removebg.png","contentUrl":"https:\/\/asdgroup.ba\/wp-content\/uploads\/2016\/11\/ad_group_logo-removebg.png","width":1310,"height":884,"caption":"ASD GROUP D.O.O. ADRIATIC STEEL DISTRIBUTION"},"image":{"@id":"https:\/\/asdgroup.ba\/#\/schema\/logo\/image\/"}}]}},"_links":{"self":[{"href":"http:\/\/asdgroup.ba\/en\/wp-json\/wp\/v2\/pages\/5063","targetHints":{"allow":["GET"]}}],"collection":[{"href":"http:\/\/asdgroup.ba\/en\/wp-json\/wp\/v2\/pages"}],"about":[{"href":"http:\/\/asdgroup.ba\/en\/wp-json\/wp\/v2\/types\/page"}],"author":[{"embeddable":true,"href":"http:\/\/asdgroup.ba\/en\/wp-json\/wp\/v2\/users\/2"}],"replies":[{"embeddable":true,"href":"http:\/\/asdgroup.ba\/en\/wp-json\/wp\/v2\/comments?post=5063"}],"version-history":[{"count":2,"href":"http:\/\/asdgroup.ba\/en\/wp-json\/wp\/v2\/pages\/5063\/revisions"}],"predecessor-version":[{"id":5096,"href":"http:\/\/asdgroup.ba\/en\/wp-json\/wp\/v2\/pages\/5063\/revisions\/5096"}],"wp:featuredmedia":[{"embeddable":true,"href":"http:\/\/asdgroup.ba\/en\/wp-json\/wp\/v2\/media\/5048"}],"wp:attachment":[{"href":"http:\/\/asdgroup.ba\/en\/wp-json\/wp\/v2\/media?parent=5063"}],"curies":[{"name":"wp","href":"https:\/\/api.w.org\/{rel}","templated":true}]}}