{"id":4594,"date":"2021-10-06T14:35:13","date_gmt":"2021-10-06T12:35:13","guid":{"rendered":"http:\/\/asdgroup.ba\/?page_id=4594"},"modified":"2022-01-13T11:15:08","modified_gmt":"2022-01-13T10:15:08","slug":"polica-privatnosti","status":"publish","type":"page","link":"https:\/\/asdgroup.ba\/bs\/polica-privatnosti\/","title":{"rendered":"Polica privatnosti"},"content":{"rendered":"<p>Ko smo mi<\/p>\n<p>Adresa na\u0161e web stranice je: https:\/\/asdgroup.ba.<\/p>\n<p>Komentari<\/p>\n<p>Kada posjetitelji ostave komentare na stranici, prikupljamo podatke prikazane u obrascu za komentare, kao i IP adresu posjetitelja i string korisni\u010dkog agenta preglednika kako bismo pomogli u otkrivanju ne\u017eeljene po\u0161te.<\/p>\n<p>Anonimizirani niz kreiran iz va\u0161e adrese e-po\u0161te (koji se tako\u0111er naziva hash) mo\u017ee biti dostavljen Gravatar servisu da se vidi da li ga koristite. Politika privatnosti usluge Gravatar dostupna je ovdje: https:\/\/automattic.com\/privacy\/. Nakon odobrenja va\u0161eg komentara, va\u0161a profilna slika je vidljiva javnosti u kontekstu va\u0161eg komentara.<\/p>\n<p>Mediji<\/p>\n<p>Ako otpremate slike na web stranicu, trebali biste izbjegavati otpremanje slika s uklju\u010denim podacima o lokaciji (EXIF GPS). Posjetitelji web stranice mogu preuzeti i izdvojiti sve podatke o lokaciji iz slika na web stranici.<\/p>\n<p>Kola\u010di\u0107i<\/p>\n<p>Ako ostavite komentar na na\u0161oj web stranici, mo\u017eete se odlu\u010diti za spremanje va\u0161eg imena, adrese e-po\u0161te i web stranice u kola\u010di\u0107e. Ovo su radi va\u0161e udobnosti, tako da ne morate ponovo unositi svoje podatke kada ostavljate drugi komentar. Ovi kola\u010di\u0107i \u0107e trajati godinu dana.<\/p>\n<p>Ako posjetite na\u0161u stranicu za prijavu, mi \u0107emo postaviti privremeni kola\u010di\u0107 kako bismo utvrdili da li va\u0161 pretra\u017eiva\u010d prihva\u0107a kola\u010di\u0107e. Ovaj kola\u010di\u0107 ne sadr\u017ei li\u010dne podatke i odbacuje se kada zatvorite svoj pretra\u017eiva\u010d.<\/p>\n<p>Kada se prijavite, tako\u0111er \u0107emo postaviti nekoliko kola\u010di\u0107a za spremanje va\u0161ih podataka za prijavu i izbora prikaza na ekranu. Kola\u010di\u0107i za prijavu traju dva dana, a kola\u010di\u0107i opcija ekrana traju godinu dana. Ako odaberete &#8220;Zapamti me&#8221;, va\u0161a prijava \u0107e trajati dvije sedmice. Ako se odjavite sa svog naloga, kola\u010di\u0107i za prijavu \u0107e biti uklonjeni.<\/p>\n<p>Ako uredite ili objavite \u010dlanak, dodatni kola\u010di\u0107 \u0107e biti sa\u010duvan u va\u0161em pretra\u017eiva\u010du. Ovaj kola\u010di\u0107 ne uklju\u010duje osobne podatke i jednostavno ozna\u010dava ID objave \u010dlanka koji ste upravo uredili. Isti\u010de nakon 1 dana.<\/p>\n<p>Ugra\u0111eni sadr\u017eaj s drugih web stranica<\/p>\n<p>\u010clanci na ovoj stranici mogu uklju\u010divati \u200b\u200bugra\u0111eni sadr\u017eaj (npr. video zapise, slike, \u010dlanke itd.). Ugra\u0111eni sadr\u017eaj s drugih web stranica pona\u0161a se na potpuno isti na\u010din kao da je posjetitelj posjetio drugu web stranicu.<\/p>\n<p>Ove web stranice mogu prikupljati podatke o vama, koristiti kola\u010di\u0107e, ugraditi dodatno pra\u0107enje tre\u0107e strane i pratiti va\u0161u interakciju s tim ugra\u0111enim sadr\u017eajem, uklju\u010duju\u0107i pra\u0107enje va\u0161e interakcije s ugra\u0111enim sadr\u017eajem ako imate ra\u010dun i prijavljeni ste na tu web stranicu.<\/p>\n<p>S kim dijelimo va\u0161e podatke<\/p>\n<p>Ako zatra\u017eite poni\u0161tavanje lozinke, va\u0161a IP adresa \u0107e biti uklju\u010dena u e-poruku za ponovno postavljanje.<\/p>\n<p>Koliko dugo \u010duvamo va\u0161e podatke<\/p>\n<p>Ako ostavite komentar, komentar i njegovi metapodaci se zadr\u017eavaju na neograni\u010deno vrijeme. Ovo je tako da mo\u017eemo automatski prepoznati i odobriti sve naknadne komentare umjesto da ih dr\u017eimo u redu za moderiranje.<\/p>\n<p>Za korisnike koji se registruju na na\u0161oj web stranici (ako ih ima), tako\u0111er pohranjujemo li\u010dne podatke koje oni daju u svom korisni\u010dkom profilu. Svi korisnici mogu vidjeti, ure\u0111ivati \u200b\u200bili izbrisati svoje li\u010dne podatke u bilo kojem trenutku (osim ne mogu promijeniti svoje korisni\u010dko ime). Administratori web stranice tako\u0111er mogu vidjeti i ure\u0111ivati \u200b\u200bte informacije.<\/p>\n<p>Koja prava imate nad svojim podacima<\/p>\n<p>Ako imate nalog na ovoj stranici ili ste ostavili komentare, mo\u017eete zatra\u017eiti da dobijete izvezenu datoteku li\u010dnih podataka koje imamo o vama, uklju\u010duju\u0107i sve podatke koje ste nam dostavili. Tako\u0111er mo\u017eete zatra\u017eiti da izbri\u0161emo sve li\u010dne podatke koje posjedujemo o vama. Ovo ne uklju\u010duje podatke koje smo du\u017eni \u010duvati u administrativne, pravne ili sigurnosne svrhe.<\/p>\n<p>Gdje \u0161aljemo va\u0161e podatke<\/p>\n<p>Komentari posjetitelja mogu se provjeriti putem automatske usluge otkrivanja ne\u017eeljene po\u0161te.<\/p>\n","protected":false},"excerpt":{"rendered":"<p>Ko smo mi Adresa na\u0161e web stranice je: https:\/\/asdgroup.ba. Komentari Kada posjetitelji ostave komentare na stranici, prikupljamo podatke prikazane u obrascu za komentare, kao i IP adresu posjetitelja i string korisni\u010dkog agenta preglednika kako bismo pomogli u otkrivanju ne\u017eeljene po\u0161te. Anonimizirani niz kreiran iz va\u0161e adrese e-po\u0161te (koji se tako\u0111er naziva hash) mo\u017ee biti dostavljen<a href=\"https:\/\/asdgroup.ba\/bs\/polica-privatnosti\/\" class=\"more-link\">Vi\u0161e info<\/a><\/p>\n","protected":false},"author":2,"featured_media":0,"parent":0,"menu_order":0,"comment_status":"closed","ping_status":"closed","template":"","meta":{"_monsterinsights_skip_tracking":false,"_monsterinsights_sitenote_active":false,"_monsterinsights_sitenote_note":"","_monsterinsights_sitenote_category":0,"footnotes":"","_links_to":"","_links_to_target":""},"class_list":["post-4594","page","type-page","status-publish","hentry"],"yoast_head":"<!-- This site is optimized with the Yoast SEO plugin v27.3 - https:\/\/yoast.com\/product\/yoast-seo-wordpress\/ -->\n<title>Polica privatnosti - ASD GROUP D.O.O. ADRIATIC STEEL DISTRIBUTION<\/title>\n<meta name=\"robots\" content=\"index, follow, max-snippet:-1, max-image-preview:large, max-video-preview:-1\" \/>\n<link rel=\"canonical\" href=\"https:\/\/asdgroup.ba\/bs\/polica-privatnosti\/\" \/>\n<meta property=\"og:locale\" content=\"bs_BA\" \/>\n<meta property=\"og:type\" content=\"article\" \/>\n<meta property=\"og:title\" content=\"Polica privatnosti - ASD GROUP D.O.O. ADRIATIC STEEL DISTRIBUTION\" \/>\n<meta property=\"og:description\" content=\"Ko smo mi Adresa na\u0161e web stranice je: https:\/\/asdgroup.ba. Komentari Kada posjetitelji ostave komentare na stranici, prikupljamo podatke prikazane u obrascu za komentare, kao i IP adresu posjetitelja i string korisni\u010dkog agenta preglednika kako bismo pomogli u otkrivanju ne\u017eeljene po\u0161te. Anonimizirani niz kreiran iz va\u0161e adrese e-po\u0161te (koji se tako\u0111er naziva hash) mo\u017ee biti dostavljenVi\u0161e info\" \/>\n<meta property=\"og:url\" content=\"https:\/\/asdgroup.ba\/bs\/polica-privatnosti\/\" \/>\n<meta property=\"og:site_name\" content=\"ASD GROUP D.O.O. ADRIATIC STEEL DISTRIBUTION\" \/>\n<meta property=\"article:modified_time\" content=\"2022-01-13T10:15:08+00:00\" \/>\n<meta name=\"twitter:card\" content=\"summary_large_image\" \/>\n<meta name=\"twitter:label1\" content=\"Est. reading time\" \/>\n\t<meta name=\"twitter:data1\" content=\"3 minute\" \/>\n<script type=\"application\/ld+json\" class=\"yoast-schema-graph\">{\"@context\":\"https:\\\/\\\/schema.org\",\"@graph\":[{\"@type\":\"WebPage\",\"@id\":\"https:\\\/\\\/asdgroup.ba\\\/bs\\\/polica-privatnosti\\\/\",\"url\":\"https:\\\/\\\/asdgroup.ba\\\/bs\\\/polica-privatnosti\\\/\",\"name\":\"Polica privatnosti - ASD GROUP D.O.O. ADRIATIC STEEL DISTRIBUTION\",\"isPartOf\":{\"@id\":\"https:\\\/\\\/asdgroup.ba\\\/#website\"},\"datePublished\":\"2021-10-06T12:35:13+00:00\",\"dateModified\":\"2022-01-13T10:15:08+00:00\",\"breadcrumb\":{\"@id\":\"https:\\\/\\\/asdgroup.ba\\\/bs\\\/polica-privatnosti\\\/#breadcrumb\"},\"inLanguage\":\"bs-BA\",\"potentialAction\":[{\"@type\":\"ReadAction\",\"target\":[\"https:\\\/\\\/asdgroup.ba\\\/bs\\\/polica-privatnosti\\\/\"]}]},{\"@type\":\"BreadcrumbList\",\"@id\":\"https:\\\/\\\/asdgroup.ba\\\/bs\\\/polica-privatnosti\\\/#breadcrumb\",\"itemListElement\":[{\"@type\":\"ListItem\",\"position\":1,\"name\":\"Home\",\"item\":\"https:\\\/\\\/asdgroup.ba\\\/\"},{\"@type\":\"ListItem\",\"position\":2,\"name\":\"Polica privatnosti\"}]},{\"@type\":\"WebSite\",\"@id\":\"https:\\\/\\\/asdgroup.ba\\\/#website\",\"url\":\"https:\\\/\\\/asdgroup.ba\\\/\",\"name\":\"ASD GROUP D.O.O. ADRIATIC STEEL DISTRIBUTION\",\"description\":\"Prodaja i distribucija \u010delika. Trgovina i distribucija proizvoda crne i obojene metalurgije. Cijevi, Profili, Nosa\u010di, Limovi, \u010celik.\",\"publisher\":{\"@id\":\"https:\\\/\\\/asdgroup.ba\\\/#organization\"},\"potentialAction\":[{\"@type\":\"SearchAction\",\"target\":{\"@type\":\"EntryPoint\",\"urlTemplate\":\"https:\\\/\\\/asdgroup.ba\\\/?s={search_term_string}\"},\"query-input\":{\"@type\":\"PropertyValueSpecification\",\"valueRequired\":true,\"valueName\":\"search_term_string\"}}],\"inLanguage\":\"bs-BA\"},{\"@type\":\"Organization\",\"@id\":\"https:\\\/\\\/asdgroup.ba\\\/#organization\",\"name\":\"ASD GROUP D.O.O. ADRIATIC STEEL DISTRIBUTION\",\"url\":\"https:\\\/\\\/asdgroup.ba\\\/\",\"logo\":{\"@type\":\"ImageObject\",\"inLanguage\":\"bs-BA\",\"@id\":\"https:\\\/\\\/asdgroup.ba\\\/#\\\/schema\\\/logo\\\/image\\\/\",\"url\":\"https:\\\/\\\/asdgroup.ba\\\/wp-content\\\/uploads\\\/2016\\\/11\\\/ad_group_logo-removebg.png\",\"contentUrl\":\"https:\\\/\\\/asdgroup.ba\\\/wp-content\\\/uploads\\\/2016\\\/11\\\/ad_group_logo-removebg.png\",\"width\":1310,\"height\":884,\"caption\":\"ASD GROUP D.O.O. ADRIATIC STEEL DISTRIBUTION\"},\"image\":{\"@id\":\"https:\\\/\\\/asdgroup.ba\\\/#\\\/schema\\\/logo\\\/image\\\/\"}}]}<\/script>\n<!-- \/ Yoast SEO plugin. -->","yoast_head_json":{"title":"Polica privatnosti - ASD GROUP D.O.O. ADRIATIC STEEL DISTRIBUTION","robots":{"index":"index","follow":"follow","max-snippet":"max-snippet:-1","max-image-preview":"max-image-preview:large","max-video-preview":"max-video-preview:-1"},"canonical":"https:\/\/asdgroup.ba\/bs\/polica-privatnosti\/","og_locale":"bs_BA","og_type":"article","og_title":"Polica privatnosti - ASD GROUP D.O.O. ADRIATIC STEEL DISTRIBUTION","og_description":"Ko smo mi Adresa na\u0161e web stranice je: https:\/\/asdgroup.ba. Komentari Kada posjetitelji ostave komentare na stranici, prikupljamo podatke prikazane u obrascu za komentare, kao i IP adresu posjetitelja i string korisni\u010dkog agenta preglednika kako bismo pomogli u otkrivanju ne\u017eeljene po\u0161te. Anonimizirani niz kreiran iz va\u0161e adrese e-po\u0161te (koji se tako\u0111er naziva hash) mo\u017ee biti dostavljenVi\u0161e info","og_url":"https:\/\/asdgroup.ba\/bs\/polica-privatnosti\/","og_site_name":"ASD GROUP D.O.O. ADRIATIC STEEL DISTRIBUTION","article_modified_time":"2022-01-13T10:15:08+00:00","twitter_card":"summary_large_image","twitter_misc":{"Est. reading time":"3 minute"},"schema":{"@context":"https:\/\/schema.org","@graph":[{"@type":"WebPage","@id":"https:\/\/asdgroup.ba\/bs\/polica-privatnosti\/","url":"https:\/\/asdgroup.ba\/bs\/polica-privatnosti\/","name":"Polica privatnosti - ASD GROUP D.O.O. ADRIATIC STEEL DISTRIBUTION","isPartOf":{"@id":"https:\/\/asdgroup.ba\/#website"},"datePublished":"2021-10-06T12:35:13+00:00","dateModified":"2022-01-13T10:15:08+00:00","breadcrumb":{"@id":"https:\/\/asdgroup.ba\/bs\/polica-privatnosti\/#breadcrumb"},"inLanguage":"bs-BA","potentialAction":[{"@type":"ReadAction","target":["https:\/\/asdgroup.ba\/bs\/polica-privatnosti\/"]}]},{"@type":"BreadcrumbList","@id":"https:\/\/asdgroup.ba\/bs\/polica-privatnosti\/#breadcrumb","itemListElement":[{"@type":"ListItem","position":1,"name":"Home","item":"https:\/\/asdgroup.ba\/"},{"@type":"ListItem","position":2,"name":"Polica privatnosti"}]},{"@type":"WebSite","@id":"https:\/\/asdgroup.ba\/#website","url":"https:\/\/asdgroup.ba\/","name":"ASD GROUP D.O.O. ADRIATIC STEEL DISTRIBUTION","description":"Prodaja i distribucija \u010delika. Trgovina i distribucija proizvoda crne i obojene metalurgije. Cijevi, Profili, Nosa\u010di, Limovi, \u010celik.","publisher":{"@id":"https:\/\/asdgroup.ba\/#organization"},"potentialAction":[{"@type":"SearchAction","target":{"@type":"EntryPoint","urlTemplate":"https:\/\/asdgroup.ba\/?s={search_term_string}"},"query-input":{"@type":"PropertyValueSpecification","valueRequired":true,"valueName":"search_term_string"}}],"inLanguage":"bs-BA"},{"@type":"Organization","@id":"https:\/\/asdgroup.ba\/#organization","name":"ASD GROUP D.O.O. ADRIATIC STEEL DISTRIBUTION","url":"https:\/\/asdgroup.ba\/","logo":{"@type":"ImageObject","inLanguage":"bs-BA","@id":"https:\/\/asdgroup.ba\/#\/schema\/logo\/image\/","url":"https:\/\/asdgroup.ba\/wp-content\/uploads\/2016\/11\/ad_group_logo-removebg.png","contentUrl":"https:\/\/asdgroup.ba\/wp-content\/uploads\/2016\/11\/ad_group_logo-removebg.png","width":1310,"height":884,"caption":"ASD GROUP D.O.O. ADRIATIC STEEL DISTRIBUTION"},"image":{"@id":"https:\/\/asdgroup.ba\/#\/schema\/logo\/image\/"}}]}},"_links":{"self":[{"href":"https:\/\/asdgroup.ba\/bs\/wp-json\/wp\/v2\/pages\/4594","targetHints":{"allow":["GET"]}}],"collection":[{"href":"https:\/\/asdgroup.ba\/bs\/wp-json\/wp\/v2\/pages"}],"about":[{"href":"https:\/\/asdgroup.ba\/bs\/wp-json\/wp\/v2\/types\/page"}],"author":[{"embeddable":true,"href":"https:\/\/asdgroup.ba\/bs\/wp-json\/wp\/v2\/users\/2"}],"replies":[{"embeddable":true,"href":"https:\/\/asdgroup.ba\/bs\/wp-json\/wp\/v2\/comments?post=4594"}],"version-history":[{"count":4,"href":"https:\/\/asdgroup.ba\/bs\/wp-json\/wp\/v2\/pages\/4594\/revisions"}],"predecessor-version":[{"id":4996,"href":"https:\/\/asdgroup.ba\/bs\/wp-json\/wp\/v2\/pages\/4594\/revisions\/4996"}],"wp:attachment":[{"href":"https:\/\/asdgroup.ba\/bs\/wp-json\/wp\/v2\/media?parent=4594"}],"curies":[{"name":"wp","href":"https:\/\/api.w.org\/{rel}","templated":true}]}}